{"id":14,"date":"2022-05-28T21:17:06","date_gmt":"2022-05-28T19:17:06","guid":{"rendered":"https:\/\/www.audy.fr\/?page_id=14"},"modified":"2025-07-21T12:17:27","modified_gmt":"2025-07-21T10:17:27","slug":"accueil","status":"publish","type":"page","link":"https:\/\/audy.fr\/","title":{"rendered":"ACCUEIL"},"content":{"rendered":"\r\n<h4 class=\"has-text-align-center has-black-color has-white-background-color has-text-color has-background wp-block-heading\"><strong>AUDY fait peau neuve, retrouvez toutes les informations sur <a href=\"https:\/\/www.audy.info\">https:\/\/www.audy.info<\/a><\/strong><\/h4>\r\n<h4 class=\"has-text-align-center has-black-color has-white-background-color has-text-color has-background\"><strong>Cr\u00e9\u00e9e en 1930, AUDY est une entreprise familiale sp\u00e9cialis\u00e9e dans la transformation de produits rabot\u00e9s \u00e0 partir de pin maritime issu du massif des Landes de Gascogne.<\/strong><\/h4>\r\n\r\n\r\n\r\n<div class=\"wp-block-columns alignwide is-layout-flex wp-container-core-columns-is-layout-9d6595d7 wp-block-columns-is-layout-flex\">\r\n<div class=\"wp-block-column has-text-color has-background has-link-color wp-elements-f9c7962d205c2fdbeff849dca5c4907b is-layout-flow wp-block-column-is-layout-flow\" style=\"color: #000000; background-color: #9fc6aa; padding: 2em;\"><div class=\"wp-block-image\">\r\n<figure class=\"aligncenter size-full\"><img loading=\"lazy\" decoding=\"async\" width=\"75\" height=\"75\" class=\"wp-image-292\" src=\"https:\/\/www.audy.fr\/wp-content\/uploads\/2022\/05\/pin-75.png\" alt=\"\" srcset=\"https:\/\/audy.fr\/wp-content\/uploads\/2022\/05\/pin-75.png 75w, https:\/\/audy.fr\/wp-content\/uploads\/2022\/05\/pin-75-60x60.png 60w\" sizes=\"auto, (max-width: 75px) 100vw, 75px\" \/><\/figure>\r\n<\/div>\r\n\r\n<hr class=\"wp-block-separator has-alpha-channel-opacity\" \/>\r\n\r\n\r\n<h4 id=\"single\" class=\"has-text-align-center wp-block-heading\"><a href=\"https:\/\/www.audy.info\/engagements\">Notre garantie<\/a><\/h4>\r\n\r\n\r\n<hr class=\"wp-block-separator has-css-opacity is-style-wide\" \/>\r\n\r\n\r\n<p><a href=\"https:\/\/www.audy.info\/engagements\">Un savoir-faire qui dure depuis 3 g\u00e9n\u00e9rations.<\/a><\/p>\r\n\r\n\r\n\r\n<p><a href=\"https:\/\/www.audy.info\/engagements\">Un savoir-\u00eatre : une main d\u2019\u0153uvre engag\u00e9e et comp\u00e9tente o\u00f9 plusieurs exp\u00e9riences se c\u00f4toient.<\/a><\/p>\r\n<\/div>\r\n\r\n\r\n\r\n<div class=\"wp-block-column has-text-color has-background has-link-color wp-elements-c4d424ee269469e9519451d3ae265128 is-layout-flow wp-block-column-is-layout-flow\" style=\"color: #000000; background-color: #9fc6aa; padding: 2em;\"><div class=\"wp-block-image\">\r\n<figure class=\"aligncenter size-full is-resized\"><a href=\"https:\/\/www.audy.info\/engagements\"><img loading=\"lazy\" decoding=\"async\" class=\"wp-image-65\" src=\"http:\/\/www.audy.fr\/wp-content\/uploads\/2022\/05\/scie.png\" alt=\"\" width=\"71\" height=\"71\" srcset=\"https:\/\/audy.fr\/wp-content\/uploads\/2022\/05\/scie.png 500w, https:\/\/audy.fr\/wp-content\/uploads\/2022\/05\/scie-300x300.png 300w, https:\/\/audy.fr\/wp-content\/uploads\/2022\/05\/scie-150x150.png 150w, https:\/\/audy.fr\/wp-content\/uploads\/2022\/05\/scie-60x60.png 60w, https:\/\/audy.fr\/wp-content\/uploads\/2022\/05\/scie-468x468.png 468w\" sizes=\"auto, (max-width: 71px) 100vw, 71px\" \/><\/a><\/figure>\r\n<\/div>\r\n\r\n<hr class=\"wp-block-separator has-alpha-channel-opacity\" \/>\r\n\r\n\r\n<h4 id=\"family\" class=\"has-text-align-center wp-block-heading\"><a href=\"https:\/\/www.audy.info\/\">Notre production<\/a><\/h4>\r\n\r\n\r\n<hr class=\"wp-block-separator has-css-opacity is-style-wide\" \/>\r\n\r\n\r\n<p><a href=\"https:\/\/www.audy.info\/\">Ma\u00eetrise du process int\u00e9gral de fabrication, du choix des bois locaux \u00e0 leur transformation.<\/a><\/p>\r\n\r\n\r\n\r\n<p><a href=\"https:\/\/www.audy.info\/\">Parc machine de grande capacit\u00e9, \u00e0 forte composante technologique.<\/a><\/p>\r\n<\/div>\r\n\r\n\r\n\r\n<div class=\"wp-block-column has-text-color has-background has-link-color wp-elements-085ab9d1c30b8a1a748268867b30de41 is-layout-flow wp-block-column-is-layout-flow\" style=\"color: #000000; background-color: #9fc6aa; padding: 2em;\"><div class=\"wp-block-image\">\r\n<figure class=\"aligncenter size-full is-resized\"><a href=\"https:\/\/www.audy.info\/\"><img loading=\"lazy\" decoding=\"async\" class=\"wp-image-127\" src=\"http:\/\/www.audy.fr\/wp-content\/uploads\/2022\/05\/tampon.png\" alt=\"\" width=\"71\" height=\"71\" srcset=\"https:\/\/audy.fr\/wp-content\/uploads\/2022\/05\/tampon.png 500w, https:\/\/audy.fr\/wp-content\/uploads\/2022\/05\/tampon-300x300.png 300w, https:\/\/audy.fr\/wp-content\/uploads\/2022\/05\/tampon-150x150.png 150w, https:\/\/audy.fr\/wp-content\/uploads\/2022\/05\/tampon-60x60.png 60w, https:\/\/audy.fr\/wp-content\/uploads\/2022\/05\/tampon-468x468.png 468w\" sizes=\"auto, (max-width: 71px) 100vw, 71px\" \/><\/a><\/figure>\r\n<\/div>\r\n\r\n<hr class=\"wp-block-separator has-alpha-channel-opacity\" \/>\r\n\r\n\r\n<h4 id=\"patron\" class=\"has-text-align-center wp-block-heading\"><a href=\"https:\/\/www.audy.info\/engagements\">Notre certification<\/a><\/h4>\r\n\r\n\r\n<hr class=\"wp-block-separator aligncenter has-css-opacity is-style-wide\" \/>\r\n\r\n\r\n<p><a href=\"https:\/\/www.audy.info\/engagements\">Bois certifi\u00e9s PEFC : garantie de gestion durable de la for\u00eat.<\/a><\/p>\r\n\r\n\r\n\r\n<p><a href=\"https:\/\/www.audy.info\/engagements\">Labellisation NF : garantie de suivi et respect de normes de fabrication.<\/a><\/p>\r\n<\/div>\r\n<\/div>\r\n\r\n\r\n<div class=\"wp-block-image\">\r\n<figure class=\"aligncenter size-large\"><img loading=\"lazy\" decoding=\"async\" width=\"1024\" height=\"201\" class=\"wp-image-144\" src=\"http:\/\/www.audy.fr\/wp-content\/uploads\/2022\/05\/ensemble-1024x201.png\" alt=\"\" srcset=\"https:\/\/audy.fr\/wp-content\/uploads\/2022\/05\/ensemble-1024x201.png 1024w, https:\/\/audy.fr\/wp-content\/uploads\/2022\/05\/ensemble-300x59.png 300w, https:\/\/audy.fr\/wp-content\/uploads\/2022\/05\/ensemble-768x151.png 768w, https:\/\/audy.fr\/wp-content\/uploads\/2022\/05\/ensemble-306x60.png 306w, https:\/\/audy.fr\/wp-content\/uploads\/2022\/05\/ensemble.png 1117w\" sizes=\"auto, (max-width: 1024px) 100vw, 1024px\" \/><\/figure>\r\n<\/div>","protected":false},"excerpt":{"rendered":"<p>AUDY fait peau neuve, retrouvez toutes les informations sur https:\/\/www.audy.info Cr\u00e9\u00e9e en 1930, AUDY est une entreprise familiale sp\u00e9cialis\u00e9e dans la transformation de produits rabot\u00e9s \u00e0 partir de pin maritime issu du massif des Landes de Gascogne. Notre garantie Un savoir-faire qui dure depuis 3 g\u00e9n\u00e9rations. Un savoir-\u00eatre : une main d\u2019\u0153uvre engag\u00e9e et comp\u00e9tente &hellip; <\/p>\n","protected":false},"author":1,"featured_media":152,"parent":0,"menu_order":0,"comment_status":"closed","ping_status":"closed","template":"","meta":{"footnotes":""},"class_list":["post-14","page","type-page","status-publish","has-post-thumbnail","hentry","latest_post"],"_links":{"self":[{"href":"https:\/\/audy.fr\/index.php?rest_route=\/wp\/v2\/pages\/14","targetHints":{"allow":["GET"]}}],"collection":[{"href":"https:\/\/audy.fr\/index.php?rest_route=\/wp\/v2\/pages"}],"about":[{"href":"https:\/\/audy.fr\/index.php?rest_route=\/wp\/v2\/types\/page"}],"author":[{"embeddable":true,"href":"https:\/\/audy.fr\/index.php?rest_route=\/wp\/v2\/users\/1"}],"replies":[{"embeddable":true,"href":"https:\/\/audy.fr\/index.php?rest_route=%2Fwp%2Fv2%2Fcomments&post=14"}],"version-history":[{"count":15,"href":"https:\/\/audy.fr\/index.php?rest_route=\/wp\/v2\/pages\/14\/revisions"}],"predecessor-version":[{"id":1327,"href":"https:\/\/audy.fr\/index.php?rest_route=\/wp\/v2\/pages\/14\/revisions\/1327"}],"wp:featuredmedia":[{"embeddable":true,"href":"https:\/\/audy.fr\/index.php?rest_route=\/wp\/v2\/media\/152"}],"wp:attachment":[{"href":"https:\/\/audy.fr\/index.php?rest_route=%2Fwp%2Fv2%2Fmedia&parent=14"}],"curies":[{"name":"wp","href":"https:\/\/api.w.org\/{rel}","templated":true}]}}