{"id":410,"date":"2022-05-30T23:09:07","date_gmt":"2022-05-30T21:09:07","guid":{"rendered":"https:\/\/www.audy.fr\/?page_id=410"},"modified":"2022-05-30T23:27:03","modified_gmt":"2022-05-30T21:27:03","slug":"contact","status":"publish","type":"page","link":"https:\/\/audy.fr\/?page_id=410","title":{"rendered":"CONTACT"},"content":{"rendered":"\r\n<p class=\"has-text-align-center\">N\u2019h\u00e9sitez pas \u00e0 nous contacter via le formulaire ci-dessous.<\/p>\r\n\r\n\r\n\r\n<hr class=\"wp-block-separator has-alpha-channel-opacity\"\/>\r\n\r\n\r\n\r\n<div class=\"wp-block-contact-form-7-contact-form-selector\">[contact-form-7 id=\u00a0\u00bb329&Prime; title=\u00a0\u00bbFormulaire de contact 1&Prime;]<\/div>\r\n\r\n\r\n\r\n<div class=\"wp-block-columns is-layout-flex wp-container-core-columns-is-layout-9d6595d7 wp-block-columns-is-layout-flex\">\r\n<div class=\"wp-block-column has-background is-layout-flow wp-block-column-is-layout-flow\" style=\"background-color:#9fc6aa\">\r\n<h4 class=\"has-text-align-center wp-block-heading\">Nous \u00e9crire<\/h4>\r\n\r\n\r\n\r\n<hr class=\"wp-block-separator has-alpha-channel-opacity\"\/>\r\n\r\n\r\n\r\n<p class=\"has-text-align-center has-background\" style=\"background-color:#9fc6aa\">Route de B\u00e9dillon<br>33160 Salaunes<br>FRANCE<\/p>\r\n<\/div>\r\n\r\n\r\n\r\n<div class=\"wp-block-column has-background is-layout-flow wp-block-column-is-layout-flow\" style=\"background-color:#9fc6aa\">\r\n<h4 class=\"has-text-align-center wp-block-heading\">Nous contacter<\/h4>\r\n\r\n\r\n\r\n<hr class=\"wp-block-separator has-alpha-channel-opacity\"\/>\r\n\r\n\r\n\r\n<p class=\"has-text-align-center has-background\" style=\"background-color:#9fc6aa\">T\u00e9l. : +33 (0)5 57 88 83 40<br>Fax : +33 (0)5 57 88 83 41<br><a href=\"mailto:contact@audy.fr\">contact@audy.fr<\/a><\/p>\r\n<\/div>\r\n<\/div>\r\n","protected":false},"excerpt":{"rendered":"<p>N\u2019h\u00e9sitez pas \u00e0 nous contacter via le formulaire ci-dessous. Nous \u00e9crire Route de B\u00e9dillon33160 SalaunesFRANCE Nous contacter T\u00e9l. : +33 (0)5 57 88 83 40Fax : +33 (0)5 57 88 83 41contact@audy.fr<\/p>\n","protected":false},"author":1,"featured_media":324,"parent":0,"menu_order":0,"comment_status":"closed","ping_status":"closed","template":"","meta":{"footnotes":""},"class_list":["post-410","page","type-page","status-publish","has-post-thumbnail","hentry","latest_post"],"_links":{"self":[{"href":"https:\/\/audy.fr\/index.php?rest_route=\/wp\/v2\/pages\/410","targetHints":{"allow":["GET"]}}],"collection":[{"href":"https:\/\/audy.fr\/index.php?rest_route=\/wp\/v2\/pages"}],"about":[{"href":"https:\/\/audy.fr\/index.php?rest_route=\/wp\/v2\/types\/page"}],"author":[{"embeddable":true,"href":"https:\/\/audy.fr\/index.php?rest_route=\/wp\/v2\/users\/1"}],"replies":[{"embeddable":true,"href":"https:\/\/audy.fr\/index.php?rest_route=%2Fwp%2Fv2%2Fcomments&post=410"}],"version-history":[{"count":8,"href":"https:\/\/audy.fr\/index.php?rest_route=\/wp\/v2\/pages\/410\/revisions"}],"predecessor-version":[{"id":423,"href":"https:\/\/audy.fr\/index.php?rest_route=\/wp\/v2\/pages\/410\/revisions\/423"}],"wp:featuredmedia":[{"embeddable":true,"href":"https:\/\/audy.fr\/index.php?rest_route=\/wp\/v2\/media\/324"}],"wp:attachment":[{"href":"https:\/\/audy.fr\/index.php?rest_route=%2Fwp%2Fv2%2Fmedia&parent=410"}],"curies":[{"name":"wp","href":"https:\/\/api.w.org\/{rel}","templated":true}]}}