{"id":531,"date":"2023-10-09T08:39:09","date_gmt":"2023-10-09T06:39:09","guid":{"rendered":"https:\/\/www.audy.fr\/?page_id=531"},"modified":"2023-10-09T22:51:40","modified_gmt":"2023-10-09T20:51:40","slug":"dop","status":"publish","type":"page","link":"https:\/\/audy.fr\/?page_id=531","title":{"rendered":"DOP"},"content":{"rendered":"<p><img loading=\"lazy\" decoding=\"async\" class=\"aligncenter wp-image-54 size-thumbnail\" src=\"http:\/\/www.audy.fr\/wp-content\/uploads\/2022\/05\/logo-audy-150x150.png\" alt=\"\" width=\"150\" height=\"150\" srcset=\"https:\/\/audy.fr\/wp-content\/uploads\/2022\/05\/logo-audy-150x150.png 150w, https:\/\/audy.fr\/wp-content\/uploads\/2022\/05\/logo-audy-300x300.png 300w, https:\/\/audy.fr\/wp-content\/uploads\/2022\/05\/logo-audy-60x60.png 60w, https:\/\/audy.fr\/wp-content\/uploads\/2022\/05\/logo-audy-468x468.png 468w, https:\/\/audy.fr\/wp-content\/uploads\/2022\/05\/logo-audy.png 500w\" sizes=\"auto, (max-width: 150px) 100vw, 150px\" \/><\/p>\n<h4 style=\"text-align: center;\"><strong>D\u00e9claration de performance<\/strong><\/h4>\n<h4 style=\"text-align: center;\"><strong>N\u00b001\/AUDY\/RPC\/2013<\/strong><\/h4>\n<p>&nbsp;<\/p>\n<ol>\n<li>Parquet brut en pin maritime \u00e0 clouer<\/li>\n<li>Cf n\u00b0d\u2019OF sur le parquet<\/li>\n<li>Utilisation en int\u00e9rieur (usage pr\u00e9vu)<\/li>\n<li>AUDY S.A.S- Route de B\u00e9dillon- 33160 SALAUNES<\/li>\n<li>Syst\u00e8me d\u2019\u00e9valuation et de v\u00e9rification de la constance de la performance 4<\/li>\n<li>Performances d\u00e9clar\u00e9es<\/li>\n<\/ol>\n<table width=\"633\">\n<tbody>\n<tr>\n<td style=\"text-align: center;\" width=\"223\"><strong>Caract\u00e9ristiques essentielles<\/strong><\/td>\n<td width=\"205\">\n<p style=\"text-align: center;\"><strong>Performance<\/strong><\/p>\n<p><strong>\u00a0<\/strong><\/td>\n<td style=\"text-align: center;\" width=\"205\"><strong>Sp\u00e9cification technique Harmonis\u00e9e<\/strong><\/td>\n<\/tr>\n<tr>\n<td width=\"223\">R\u00e9action au feu<\/td>\n<td width=\"205\">F<sub>fl,S2<\/sub><\/td>\n<td style=\"text-align: center;\" rowspan=\"6\" width=\"205\">EN 14342\u00a0: 2012<\/td>\n<\/tr>\n<tr>\n<td width=\"223\">D\u00e9gagement formald\u00e9hyde<\/td>\n<td width=\"205\">E1<\/td>\n<\/tr>\n<tr>\n<td width=\"223\">R\u00e9sistance \u00e0 la rupture<\/td>\n<td width=\"205\">PND<\/td>\n<\/tr>\n<tr>\n<td width=\"223\">Glissance<\/td>\n<td width=\"205\">PND<\/td>\n<\/tr>\n<tr>\n<td width=\"223\">Conductivit\u00e9 Thermique<\/td>\n<td width=\"205\">0,13 w\/m-K<\/td>\n<\/tr>\n<tr>\n<td width=\"223\">Durabilit\u00e9 Biologique<\/td>\n<td width=\"205\">Classe 1<\/td>\n<\/tr>\n<\/tbody>\n<\/table>\n<p>&nbsp;<\/p>\n<p>7. Les performances du produit identifi\u00e9 au point 1 et 2 sont conformes aux performances d\u00e9clar\u00e9es au point 6.<\/p>\n<p>Signature du fabricant : Laurent DELTHE, Pr\u00e9sident<\/p>\n<p>Le 10\/06\/2013, Salaunes,<\/p>\n<p>&nbsp;<\/p>\n","protected":false},"excerpt":{"rendered":"<p>D\u00e9claration de performance N\u00b001\/AUDY\/RPC\/2013 &nbsp; Parquet brut en pin maritime \u00e0 clouer Cf n\u00b0d\u2019OF sur le parquet Utilisation en int\u00e9rieur (usage pr\u00e9vu) AUDY S.A.S- Route de B\u00e9dillon- 33160 SALAUNES Syst\u00e8me d\u2019\u00e9valuation et de v\u00e9rification de la constance de la performance 4 Performances d\u00e9clar\u00e9es Caract\u00e9ristiques essentielles Performance \u00a0 Sp\u00e9cification technique Harmonis\u00e9e R\u00e9action au feu Ffl,S2 EN &hellip; <\/p>\n","protected":false},"author":1,"featured_media":324,"parent":0,"menu_order":0,"comment_status":"closed","ping_status":"closed","template":"","meta":{"footnotes":""},"class_list":["post-531","page","type-page","status-publish","has-post-thumbnail","hentry","latest_post"],"_links":{"self":[{"href":"https:\/\/audy.fr\/index.php?rest_route=\/wp\/v2\/pages\/531","targetHints":{"allow":["GET"]}}],"collection":[{"href":"https:\/\/audy.fr\/index.php?rest_route=\/wp\/v2\/pages"}],"about":[{"href":"https:\/\/audy.fr\/index.php?rest_route=\/wp\/v2\/types\/page"}],"author":[{"embeddable":true,"href":"https:\/\/audy.fr\/index.php?rest_route=\/wp\/v2\/users\/1"}],"replies":[{"embeddable":true,"href":"https:\/\/audy.fr\/index.php?rest_route=%2Fwp%2Fv2%2Fcomments&post=531"}],"version-history":[{"count":18,"href":"https:\/\/audy.fr\/index.php?rest_route=\/wp\/v2\/pages\/531\/revisions"}],"predecessor-version":[{"id":565,"href":"https:\/\/audy.fr\/index.php?rest_route=\/wp\/v2\/pages\/531\/revisions\/565"}],"wp:featuredmedia":[{"embeddable":true,"href":"https:\/\/audy.fr\/index.php?rest_route=\/wp\/v2\/media\/324"}],"wp:attachment":[{"href":"https:\/\/audy.fr\/index.php?rest_route=%2Fwp%2Fv2%2Fmedia&parent=531"}],"curies":[{"name":"wp","href":"https:\/\/api.w.org\/{rel}","templated":true}]}}