{"id":560,"date":"2023-10-09T22:44:49","date_gmt":"2023-10-09T20:44:49","guid":{"rendered":"https:\/\/www.audy.fr\/?page_id=560"},"modified":"2023-10-09T22:59:31","modified_gmt":"2023-10-09T20:59:31","slug":"dop-2","status":"publish","type":"page","link":"https:\/\/audy.fr\/?page_id=560","title":{"rendered":"DOP 2"},"content":{"rendered":"<p><img loading=\"lazy\" decoding=\"async\" class=\"size-thumbnail wp-image-54 aligncenter\" src=\"http:\/\/www.audy.fr\/wp-content\/uploads\/2022\/05\/logo-audy-150x150.png\" alt=\"\" width=\"150\" height=\"150\" srcset=\"https:\/\/audy.fr\/wp-content\/uploads\/2022\/05\/logo-audy-150x150.png 150w, https:\/\/audy.fr\/wp-content\/uploads\/2022\/05\/logo-audy-300x300.png 300w, https:\/\/audy.fr\/wp-content\/uploads\/2022\/05\/logo-audy-60x60.png 60w, https:\/\/audy.fr\/wp-content\/uploads\/2022\/05\/logo-audy-468x468.png 468w, https:\/\/audy.fr\/wp-content\/uploads\/2022\/05\/logo-audy.png 500w\" sizes=\"auto, (max-width: 150px) 100vw, 150px\" \/><\/p>\n<h4 style=\"text-align: center;\"><strong>D\u00e9claration de performance<\/strong><\/h4>\n<h4 style=\"text-align: center;\"><strong>N\u00b002\/AUDY\/RPC\/2013<\/strong><\/h4>\n<ol>\n<li style=\"text-align: left;\">Lambris brut en pin maritime<\/li>\n<li style=\"text-align: left;\">Utilisation en int\u00e9rieur (usage pr\u00e9vu)<\/li>\n<li style=\"text-align: left;\">AUDY S.A.S- Route de B\u00e9dillon- 33160 SALAUNES<\/li>\n<li style=\"text-align: left;\">Syst\u00e8me d\u2019\u00e9valuation et de v\u00e9rification de la constance de la performance 4<\/li>\n<li style=\"text-align: left;\">Performances d\u00e9clar\u00e9es<\/li>\n<\/ol>\n<table>\n<tbody>\n<tr>\n<td style=\"text-align: left;\">Caract\u00e9ristiques essentielles<\/td>\n<td style=\"text-align: left;\">Performance<\/td>\n<td style=\"text-align: center;\">Sp\u00e9cification technique Harmonis\u00e9e<\/td>\n<\/tr>\n<tr>\n<td>R\u00e9action au feu<\/td>\n<td>D<sub>-S2,d2<\/sub><\/td>\n<td rowspan=\"7\">\n<p style=\"text-align: center;\">EN 14915<\/p>\n<\/td>\n<\/tr>\n<tr>\n<td>D\u00e9gagement formald\u00e9hyde<\/td>\n<td>E1<\/td>\n<\/tr>\n<tr>\n<td>Teneur en pentachloroph\u00e9nol<\/td>\n<td>PND<\/td>\n<\/tr>\n<tr>\n<td>Perm\u00e9abilit\u00e9<\/p>\n<p>Densit\u00e9<\/td>\n<td>70<\/p>\n<p>500kg\/m3<\/td>\n<\/tr>\n<tr>\n<td>Absorption acoustique<\/td>\n<td>PND<\/td>\n<\/tr>\n<tr>\n<td>Conductivit\u00e9 Thermique<\/td>\n<td>0,13 w\/m-K<\/td>\n<\/tr>\n<tr>\n<td>Durabilit\u00e9 Biologique<\/td>\n<td>Classe 1<\/td>\n<\/tr>\n<\/tbody>\n<\/table>\n<p style=\"text-align: left;\">\u00a0\u00a0\u00a0\u00a0 6. Les performances du produit identifi\u00e9 au point 1 sont conformes aux performances d\u00e9clar\u00e9es au point 5.<\/p>\n","protected":false},"excerpt":{"rendered":"<p>D\u00e9claration de performance N\u00b002\/AUDY\/RPC\/2013 Lambris brut en pin maritime Utilisation en int\u00e9rieur (usage pr\u00e9vu) AUDY S.A.S- Route de B\u00e9dillon- 33160 SALAUNES Syst\u00e8me d\u2019\u00e9valuation et de v\u00e9rification de la constance de la performance 4 Performances d\u00e9clar\u00e9es Caract\u00e9ristiques essentielles Performance Sp\u00e9cification technique Harmonis\u00e9e R\u00e9action au feu D-S2,d2 EN 14915 D\u00e9gagement formald\u00e9hyde E1 Teneur en pentachloroph\u00e9nol PND Perm\u00e9abilit\u00e9 &hellip; <\/p>\n","protected":false},"author":1,"featured_media":324,"parent":531,"menu_order":0,"comment_status":"closed","ping_status":"closed","template":"","meta":{"footnotes":""},"class_list":["post-560","page","type-page","status-publish","has-post-thumbnail","hentry","latest_post"],"_links":{"self":[{"href":"https:\/\/audy.fr\/index.php?rest_route=\/wp\/v2\/pages\/560","targetHints":{"allow":["GET"]}}],"collection":[{"href":"https:\/\/audy.fr\/index.php?rest_route=\/wp\/v2\/pages"}],"about":[{"href":"https:\/\/audy.fr\/index.php?rest_route=\/wp\/v2\/types\/page"}],"author":[{"embeddable":true,"href":"https:\/\/audy.fr\/index.php?rest_route=\/wp\/v2\/users\/1"}],"replies":[{"embeddable":true,"href":"https:\/\/audy.fr\/index.php?rest_route=%2Fwp%2Fv2%2Fcomments&post=560"}],"version-history":[{"count":9,"href":"https:\/\/audy.fr\/index.php?rest_route=\/wp\/v2\/pages\/560\/revisions"}],"predecessor-version":[{"id":573,"href":"https:\/\/audy.fr\/index.php?rest_route=\/wp\/v2\/pages\/560\/revisions\/573"}],"up":[{"embeddable":true,"href":"https:\/\/audy.fr\/index.php?rest_route=\/wp\/v2\/pages\/531"}],"wp:featuredmedia":[{"embeddable":true,"href":"https:\/\/audy.fr\/index.php?rest_route=\/wp\/v2\/media\/324"}],"wp:attachment":[{"href":"https:\/\/audy.fr\/index.php?rest_route=%2Fwp%2Fv2%2Fmedia&parent=560"}],"curies":[{"name":"wp","href":"https:\/\/api.w.org\/{rel}","templated":true}]}}