{"id":574,"date":"2023-10-09T23:01:25","date_gmt":"2023-10-09T21:01:25","guid":{"rendered":"https:\/\/www.audy.fr\/?page_id=574"},"modified":"2023-10-09T23:04:43","modified_gmt":"2023-10-09T21:04:43","slug":"dop-3","status":"publish","type":"page","link":"https:\/\/audy.fr\/?page_id=574","title":{"rendered":"DOP 3"},"content":{"rendered":"<p><img loading=\"lazy\" decoding=\"async\" class=\"alignnone size-thumbnail wp-image-54 aligncenter\" src=\"http:\/\/www.audy.fr\/wp-content\/uploads\/2022\/05\/logo-audy-150x150.png\" alt=\"\" width=\"150\" height=\"150\" srcset=\"https:\/\/audy.fr\/wp-content\/uploads\/2022\/05\/logo-audy-150x150.png 150w, https:\/\/audy.fr\/wp-content\/uploads\/2022\/05\/logo-audy-300x300.png 300w, https:\/\/audy.fr\/wp-content\/uploads\/2022\/05\/logo-audy-60x60.png 60w, https:\/\/audy.fr\/wp-content\/uploads\/2022\/05\/logo-audy-468x468.png 468w, https:\/\/audy.fr\/wp-content\/uploads\/2022\/05\/logo-audy.png 500w\" sizes=\"auto, (max-width: 150px) 100vw, 150px\" \/><\/p>\n<p style=\"text-align: center;\"><strong>D\u00e9claration de performance<\/strong><\/p>\n<p style=\"text-align: center;\"><strong>N\u00b003\/AUDY\/RPC\/2013<\/strong><\/p>\n<p>&nbsp;<\/p>\n<ol>\n<li>Lambris finis en pin maritime, \u00e9paisseur &gt; 13 mm<\/li>\n<li>Utilisation en int\u00e9rieur (usage pr\u00e9vu)<\/li>\n<li>AUDY S.A.S- Route de B\u00e9dillon- 33160 SALAUNES<\/li>\n<li>Syst\u00e8me d\u2019\u00e9valuation et de v\u00e9rification de la constance de la performance 4<\/li>\n<li>Performances d\u00e9clar\u00e9es<\/li>\n<\/ol>\n<table width=\"637\">\n<tbody>\n<tr>\n<td>Caract\u00e9ristiques essentielles<\/td>\n<td width=\"144\">Performance<\/td>\n<td>\n<p style=\"text-align: center;\">Sp\u00e9cification technique Harmonis\u00e9e<\/p>\n<\/td>\n<\/tr>\n<tr>\n<td>R\u00e9action au feu<\/td>\n<td width=\"144\">D<sub>-S2,d2<\/sub><\/td>\n<td rowspan=\"7\">\n<p style=\"text-align: center;\">EN 14915<\/p>\n<\/td>\n<\/tr>\n<tr>\n<td>D\u00e9gagement formald\u00e9hyde<\/td>\n<td width=\"144\">E1<\/td>\n<\/tr>\n<tr>\n<td>Teneur en pentachloroph\u00e9nol<\/td>\n<td width=\"144\">PND<\/td>\n<\/tr>\n<tr>\n<td>Perm\u00e9abilit\u00e9<\/td>\n<td width=\"144\">PND<\/td>\n<\/tr>\n<tr>\n<td>Absorption acoustique<\/td>\n<td width=\"144\">PND<\/td>\n<\/tr>\n<tr>\n<td>Conductivit\u00e9 Thermique<\/td>\n<td width=\"144\">0,13 w\/m-K<\/td>\n<\/tr>\n<tr>\n<td>Durabilit\u00e9 Biologique<\/td>\n<td width=\"144\">Classe 1<\/td>\n<\/tr>\n<\/tbody>\n<\/table>\n<p>6. Les performances du produit identifi\u00e9 au point 1 sont conformes aux performances d\u00e9clar\u00e9es au point 5.<\/p>\n<p>La pr\u00e9sente d\u00e9claration de performances est \u00e9tablie sous la seule responsabilit\u00e9 du fabricant identifi\u00e9 au point 3<\/p>\n<p>Signature du fabricant\u00a0:<\/p>\n<p>Laurent DELTHE, Pr\u00e9sident<\/p>\n<p>&nbsp;<\/p>\n<p>Le 10\/06\/2013, Salaunes,<\/p>\n","protected":false},"excerpt":{"rendered":"<p>D\u00e9claration de performance N\u00b003\/AUDY\/RPC\/2013 &nbsp; Lambris finis en pin maritime, \u00e9paisseur &gt; 13 mm Utilisation en int\u00e9rieur (usage pr\u00e9vu) AUDY S.A.S- Route de B\u00e9dillon- 33160 SALAUNES Syst\u00e8me d\u2019\u00e9valuation et de v\u00e9rification de la constance de la performance 4 Performances d\u00e9clar\u00e9es Caract\u00e9ristiques essentielles Performance Sp\u00e9cification technique Harmonis\u00e9e R\u00e9action au feu D-S2,d2 EN 14915 D\u00e9gagement formald\u00e9hyde E1 &hellip; <\/p>\n","protected":false},"author":1,"featured_media":324,"parent":531,"menu_order":0,"comment_status":"closed","ping_status":"closed","template":"","meta":{"footnotes":""},"class_list":["post-574","page","type-page","status-publish","has-post-thumbnail","hentry","latest_post"],"_links":{"self":[{"href":"https:\/\/audy.fr\/index.php?rest_route=\/wp\/v2\/pages\/574","targetHints":{"allow":["GET"]}}],"collection":[{"href":"https:\/\/audy.fr\/index.php?rest_route=\/wp\/v2\/pages"}],"about":[{"href":"https:\/\/audy.fr\/index.php?rest_route=\/wp\/v2\/types\/page"}],"author":[{"embeddable":true,"href":"https:\/\/audy.fr\/index.php?rest_route=\/wp\/v2\/users\/1"}],"replies":[{"embeddable":true,"href":"https:\/\/audy.fr\/index.php?rest_route=%2Fwp%2Fv2%2Fcomments&post=574"}],"version-history":[{"count":2,"href":"https:\/\/audy.fr\/index.php?rest_route=\/wp\/v2\/pages\/574\/revisions"}],"predecessor-version":[{"id":577,"href":"https:\/\/audy.fr\/index.php?rest_route=\/wp\/v2\/pages\/574\/revisions\/577"}],"up":[{"embeddable":true,"href":"https:\/\/audy.fr\/index.php?rest_route=\/wp\/v2\/pages\/531"}],"wp:featuredmedia":[{"embeddable":true,"href":"https:\/\/audy.fr\/index.php?rest_route=\/wp\/v2\/media\/324"}],"wp:attachment":[{"href":"https:\/\/audy.fr\/index.php?rest_route=%2Fwp%2Fv2%2Fmedia&parent=574"}],"curies":[{"name":"wp","href":"https:\/\/api.w.org\/{rel}","templated":true}]}}