{"id":85,"date":"2022-05-28T23:06:41","date_gmt":"2022-05-28T21:06:41","guid":{"rendered":"https:\/\/www.audy.fr\/?page_id=85"},"modified":"2023-10-08T21:37:28","modified_gmt":"2023-10-08T19:37:28","slug":"nos-engagements","status":"publish","type":"page","link":"https:\/\/audy.fr\/?page_id=85","title":{"rendered":"NOS ENGAGEMENTS"},"content":{"rendered":"\r\n<h4 class=\"has-text-align-center has-background wp-block-heading\" style=\"background-color:#9fc6aa\">Nos engagements NORMES &#038; RSE<\/h4>\r\n\r\n\r\n\r\n<hr class=\"wp-block-separator has-alpha-channel-opacity\"\/>\r\n\r\n\r\n\r\n<p class=\"has-background\" style=\"background-color:#9fc6aa\">Nous respectons les normes NF et PEFC<\/p>\r\n<p class=\"has-background\" style=\"background-color:#9fc6aa\">Nous sommes engag\u00e9s dans une d\u00e9marche d\u2019entreprise durable et responsable et nous engageons dans une d\u00e9marche RSE<br>(Responsabilit\u00e9 Soci\u00e9tale des Entreprises). Nous favorisons l\u2019\u00e9conomie circulaire et les circuits courts. Notre Scierie est certifi\u00e9e PEFC.<\/p>\r\n\r\n\r\n\r\n<hr class=\"wp-block-separator has-alpha-channel-opacity\"\/>\r\n","protected":false},"excerpt":{"rendered":"<p>Nos engagements NORMES &#038; RSE Nous respectons les normes NF et PEFC Nous sommes engag\u00e9s dans une d\u00e9marche d\u2019entreprise durable et responsable et nous engageons dans une d\u00e9marche RSE(Responsabilit\u00e9 Soci\u00e9tale des Entreprises). Nous favorisons l\u2019\u00e9conomie circulaire et les circuits courts. Notre Scierie est certifi\u00e9e PEFC.<\/p>\n","protected":false},"author":1,"featured_media":324,"parent":0,"menu_order":0,"comment_status":"closed","ping_status":"closed","template":"","meta":{"footnotes":""},"class_list":["post-85","page","type-page","status-publish","has-post-thumbnail","hentry","latest_post"],"_links":{"self":[{"href":"https:\/\/audy.fr\/index.php?rest_route=\/wp\/v2\/pages\/85","targetHints":{"allow":["GET"]}}],"collection":[{"href":"https:\/\/audy.fr\/index.php?rest_route=\/wp\/v2\/pages"}],"about":[{"href":"https:\/\/audy.fr\/index.php?rest_route=\/wp\/v2\/types\/page"}],"author":[{"embeddable":true,"href":"https:\/\/audy.fr\/index.php?rest_route=\/wp\/v2\/users\/1"}],"replies":[{"embeddable":true,"href":"https:\/\/audy.fr\/index.php?rest_route=%2Fwp%2Fv2%2Fcomments&post=85"}],"version-history":[{"count":7,"href":"https:\/\/audy.fr\/index.php?rest_route=\/wp\/v2\/pages\/85\/revisions"}],"predecessor-version":[{"id":433,"href":"https:\/\/audy.fr\/index.php?rest_route=\/wp\/v2\/pages\/85\/revisions\/433"}],"wp:featuredmedia":[{"embeddable":true,"href":"https:\/\/audy.fr\/index.php?rest_route=\/wp\/v2\/media\/324"}],"wp:attachment":[{"href":"https:\/\/audy.fr\/index.php?rest_route=%2Fwp%2Fv2%2Fmedia&parent=85"}],"curies":[{"name":"wp","href":"https:\/\/api.w.org\/{rel}","templated":true}]}}