{"id":95,"date":"2022-05-28T23:19:39","date_gmt":"2022-05-28T21:19:39","guid":{"rendered":"https:\/\/www.audy.fr\/?page_id=95"},"modified":"2022-05-30T00:56:34","modified_gmt":"2022-05-29T22:56:34","slug":"parquet","status":"publish","type":"page","link":"https:\/\/audy.fr\/?page_id=95","title":{"rendered":"PARQUET"},"content":{"rendered":"\r\n<p class=\"has-text-align-left\">Nos parquets massifs en pin des Landes conf\u00e8rent \u00e0 votre int\u00e9rieur charme et chaleur gr\u00e2ce au veinage flamm\u00e9 caract\u00e9ristique de notre essence Avec une classification A+ (\u00e9missions minimales de compos\u00e9s organiques volatils, polluants de l\u2019air int\u00e9rieur), ils contribuent \u00e0 une atmosph\u00e8re assainie de vos int\u00e9rieurs Nos parquets sont rabot\u00e9s bruts et offrent ainsi plusieurs possibilit\u00e9s de finitions pour les adapter \u00e0 vos go\u00fbts et sublimer vos int\u00e9rieurs<\/p>\r\n\r\n\r\n\r\n<hr class=\"wp-block-separator has-alpha-channel-opacity\"\/>\r\n\r\n\r\n\r\n<div class=\"wp-block-columns is-layout-flex wp-container-core-columns-is-layout-9d6595d7 wp-block-columns-is-layout-flex\">\r\n<div class=\"wp-block-column is-layout-flow wp-block-column-is-layout-flow\">\r\n<figure class=\"wp-block-image size-large\"><img loading=\"lazy\" decoding=\"async\" width=\"1024\" height=\"1024\" src=\"https:\/\/www.audy.fr\/wp-content\/uploads\/2022\/05\/parquet2-carre-1024x1024.jpg\" alt=\"\" class=\"wp-image-307\" srcset=\"https:\/\/audy.fr\/wp-content\/uploads\/2022\/05\/parquet2-carre-1024x1024.jpg 1024w, https:\/\/audy.fr\/wp-content\/uploads\/2022\/05\/parquet2-carre-300x300.jpg 300w, https:\/\/audy.fr\/wp-content\/uploads\/2022\/05\/parquet2-carre-150x150.jpg 150w, https:\/\/audy.fr\/wp-content\/uploads\/2022\/05\/parquet2-carre-768x768.jpg 768w, https:\/\/audy.fr\/wp-content\/uploads\/2022\/05\/parquet2-carre-60x60.jpg 60w, https:\/\/audy.fr\/wp-content\/uploads\/2022\/05\/parquet2-carre-468x468.jpg 468w, https:\/\/audy.fr\/wp-content\/uploads\/2022\/05\/parquet2-carre.jpg 1240w\" sizes=\"auto, (max-width: 1024px) 100vw, 1024px\" \/><\/figure>\r\n<\/div>\r\n\r\n\r\n\r\n<div class=\"wp-block-column is-layout-flow wp-block-column-is-layout-flow\">\r\n<figure class=\"wp-block-image size-large\"><img loading=\"lazy\" decoding=\"async\" width=\"1024\" height=\"1024\" src=\"https:\/\/www.audy.fr\/wp-content\/uploads\/2022\/05\/parquet3-carre-1024x1024.jpg\" alt=\"\" class=\"wp-image-308\" srcset=\"https:\/\/audy.fr\/wp-content\/uploads\/2022\/05\/parquet3-carre-1024x1024.jpg 1024w, https:\/\/audy.fr\/wp-content\/uploads\/2022\/05\/parquet3-carre-300x300.jpg 300w, https:\/\/audy.fr\/wp-content\/uploads\/2022\/05\/parquet3-carre-150x150.jpg 150w, https:\/\/audy.fr\/wp-content\/uploads\/2022\/05\/parquet3-carre-768x768.jpg 768w, https:\/\/audy.fr\/wp-content\/uploads\/2022\/05\/parquet3-carre-1536x1536.jpg 1536w, https:\/\/audy.fr\/wp-content\/uploads\/2022\/05\/parquet3-carre-60x60.jpg 60w, https:\/\/audy.fr\/wp-content\/uploads\/2022\/05\/parquet3-carre-468x468.jpg 468w, https:\/\/audy.fr\/wp-content\/uploads\/2022\/05\/parquet3-carre.jpg 1730w\" sizes=\"auto, (max-width: 1024px) 100vw, 1024px\" \/><\/figure>\r\n<\/div>\r\n<\/div>\r\n\r\n\r\n\r\n<div class=\"wp-block-columns is-layout-flex wp-container-core-columns-is-layout-9d6595d7 wp-block-columns-is-layout-flex\">\r\n<div class=\"wp-block-column is-layout-flow wp-block-column-is-layout-flow\">\r\n<figure class=\"wp-block-image size-full\"><img loading=\"lazy\" decoding=\"async\" width=\"750\" height=\"750\" src=\"https:\/\/www.audy.fr\/wp-content\/uploads\/2022\/05\/parquet4-carre-1.jpg\" alt=\"\" class=\"wp-image-309\" srcset=\"https:\/\/audy.fr\/wp-content\/uploads\/2022\/05\/parquet4-carre-1.jpg 750w, https:\/\/audy.fr\/wp-content\/uploads\/2022\/05\/parquet4-carre-1-300x300.jpg 300w, https:\/\/audy.fr\/wp-content\/uploads\/2022\/05\/parquet4-carre-1-150x150.jpg 150w, https:\/\/audy.fr\/wp-content\/uploads\/2022\/05\/parquet4-carre-1-60x60.jpg 60w, https:\/\/audy.fr\/wp-content\/uploads\/2022\/05\/parquet4-carre-1-468x468.jpg 468w\" sizes=\"auto, (max-width: 750px) 100vw, 750px\" \/><\/figure>\r\n<\/div>\r\n\r\n\r\n\r\n<div class=\"wp-block-column is-layout-flow wp-block-column-is-layout-flow\">\r\n<figure class=\"wp-block-image size-full\"><img loading=\"lazy\" decoding=\"async\" width=\"930\" height=\"930\" src=\"https:\/\/www.audy.fr\/wp-content\/uploads\/2022\/05\/parquet1-carre.jpg\" alt=\"\" class=\"wp-image-310\" srcset=\"https:\/\/audy.fr\/wp-content\/uploads\/2022\/05\/parquet1-carre.jpg 930w, https:\/\/audy.fr\/wp-content\/uploads\/2022\/05\/parquet1-carre-300x300.jpg 300w, https:\/\/audy.fr\/wp-content\/uploads\/2022\/05\/parquet1-carre-150x150.jpg 150w, https:\/\/audy.fr\/wp-content\/uploads\/2022\/05\/parquet1-carre-768x768.jpg 768w, https:\/\/audy.fr\/wp-content\/uploads\/2022\/05\/parquet1-carre-60x60.jpg 60w, https:\/\/audy.fr\/wp-content\/uploads\/2022\/05\/parquet1-carre-468x468.jpg 468w\" sizes=\"auto, (max-width: 930px) 100vw, 930px\" \/><\/figure>\r\n<\/div>\r\n<\/div>\r\n\r\n\r\n\r\n<hr class=\"wp-block-separator has-alpha-channel-opacity\"\/>\r\n\r\n\r\n<div class=\"wp-block-image\">\r\n<figure class=\"aligncenter size-full\"><img loading=\"lazy\" decoding=\"async\" width=\"575\" height=\"159\" src=\"http:\/\/www.audy.fr\/wp-content\/uploads\/2022\/05\/parquet5.jpg\" alt=\"\" class=\"wp-image-58\" srcset=\"https:\/\/audy.fr\/wp-content\/uploads\/2022\/05\/parquet5.jpg 575w, https:\/\/audy.fr\/wp-content\/uploads\/2022\/05\/parquet5-300x83.jpg 300w, https:\/\/audy.fr\/wp-content\/uploads\/2022\/05\/parquet5-217x60.jpg 217w\" sizes=\"auto, (max-width: 575px) 100vw, 575px\" \/><\/figure>\r\n<\/div>","protected":false},"excerpt":{"rendered":"<p>Nos parquets massifs en pin des Landes conf\u00e8rent \u00e0 votre int\u00e9rieur charme et chaleur gr\u00e2ce au veinage flamm\u00e9 caract\u00e9ristique de notre essence Avec une classification A+ (\u00e9missions minimales de compos\u00e9s organiques volatils, polluants de l\u2019air int\u00e9rieur), ils contribuent \u00e0 une atmosph\u00e8re assainie de vos int\u00e9rieurs Nos parquets sont rabot\u00e9s bruts et offrent ainsi plusieurs possibilit\u00e9s &hellip; <\/p>\n","protected":false},"author":1,"featured_media":56,"parent":0,"menu_order":0,"comment_status":"closed","ping_status":"closed","template":"","meta":{"footnotes":""},"class_list":["post-95","page","type-page","status-publish","has-post-thumbnail","hentry","latest_post"],"_links":{"self":[{"href":"https:\/\/audy.fr\/index.php?rest_route=\/wp\/v2\/pages\/95","targetHints":{"allow":["GET"]}}],"collection":[{"href":"https:\/\/audy.fr\/index.php?rest_route=\/wp\/v2\/pages"}],"about":[{"href":"https:\/\/audy.fr\/index.php?rest_route=\/wp\/v2\/types\/page"}],"author":[{"embeddable":true,"href":"https:\/\/audy.fr\/index.php?rest_route=\/wp\/v2\/users\/1"}],"replies":[{"embeddable":true,"href":"https:\/\/audy.fr\/index.php?rest_route=%2Fwp%2Fv2%2Fcomments&post=95"}],"version-history":[{"count":5,"href":"https:\/\/audy.fr\/index.php?rest_route=\/wp\/v2\/pages\/95\/revisions"}],"predecessor-version":[{"id":321,"href":"https:\/\/audy.fr\/index.php?rest_route=\/wp\/v2\/pages\/95\/revisions\/321"}],"wp:featuredmedia":[{"embeddable":true,"href":"https:\/\/audy.fr\/index.php?rest_route=\/wp\/v2\/media\/56"}],"wp:attachment":[{"href":"https:\/\/audy.fr\/index.php?rest_route=%2Fwp%2Fv2%2Fmedia&parent=95"}],"curies":[{"name":"wp","href":"https:\/\/api.w.org\/{rel}","templated":true}]}}