{"id":99,"date":"2022-05-28T23:19:49","date_gmt":"2022-05-28T21:19:49","guid":{"rendered":"https:\/\/www.audy.fr\/?page_id=99"},"modified":"2022-05-30T08:35:09","modified_gmt":"2022-05-30T06:35:09","slug":"lames","status":"publish","type":"page","link":"https:\/\/audy.fr\/?page_id=99","title":{"rendered":"LAMES EXTERIEURES"},"content":{"rendered":"\r\n<h4 class=\"has-text-align-center wp-block-heading\">Lames de terrasse<\/h4>\r\n\r\n\r\n\r\n<p class=\"has-text-align-left\">Nos lames pour l\u2019ext\u00e9rieur autoclaves sont trait\u00e9es classe 4, ce qui leur conf\u00e8rent une durabilit\u00e9 optimale.<br \/>Elles sont un incontournable de vos ext\u00e9rieurs.<br \/>Gr\u00e2ce \u00e0 un choix <strong>Premium<\/strong> \/ <strong>Sans N\u0153uds<\/strong> \/ <strong>Petits N\u0153uds<\/strong>, elles garantissent authenticit\u00e9 et long\u00e9vit\u00e9 \u00e0 toutes vos id\u00e9es d\u2019am\u00e9nagements.<\/p>\r\n\r\n\r\n<hr class=\"wp-block-separator has-alpha-channel-opacity\" \/>\r\n\r\n\r\n<div class=\"wp-block-columns is-layout-flex wp-container-core-columns-is-layout-9d6595d7 wp-block-columns-is-layout-flex\">\r\n<div class=\"wp-block-column is-layout-flow wp-block-column-is-layout-flow\">\r\n<figure class=\"wp-block-image size-large\"><img loading=\"lazy\" decoding=\"async\" width=\"1024\" height=\"1024\" class=\"wp-image-315\" src=\"https:\/\/www.audy.fr\/wp-content\/uploads\/2022\/05\/lames-ext1-carre-1024x1024.jpg\" alt=\"\" srcset=\"https:\/\/audy.fr\/wp-content\/uploads\/2022\/05\/lames-ext1-carre-1024x1024.jpg 1024w, https:\/\/audy.fr\/wp-content\/uploads\/2022\/05\/lames-ext1-carre-300x300.jpg 300w, https:\/\/audy.fr\/wp-content\/uploads\/2022\/05\/lames-ext1-carre-150x150.jpg 150w, https:\/\/audy.fr\/wp-content\/uploads\/2022\/05\/lames-ext1-carre-768x768.jpg 768w, https:\/\/audy.fr\/wp-content\/uploads\/2022\/05\/lames-ext1-carre-1536x1536.jpg 1536w, https:\/\/audy.fr\/wp-content\/uploads\/2022\/05\/lames-ext1-carre-2048x2048.jpg 2048w, https:\/\/audy.fr\/wp-content\/uploads\/2022\/05\/lames-ext1-carre-60x60.jpg 60w, https:\/\/audy.fr\/wp-content\/uploads\/2022\/05\/lames-ext1-carre-468x468.jpg 468w\" sizes=\"auto, (max-width: 1024px) 100vw, 1024px\" \/><\/figure>\r\n<\/div>\r\n\r\n\r\n\r\n<div class=\"wp-block-column is-layout-flow wp-block-column-is-layout-flow\">\r\n<figure class=\"wp-block-image size-large\"><img loading=\"lazy\" decoding=\"async\" width=\"1024\" height=\"1024\" class=\"wp-image-319\" src=\"https:\/\/www.audy.fr\/wp-content\/uploads\/2022\/05\/lames-ext2-carre-1024x1024.jpg\" alt=\"\" srcset=\"https:\/\/audy.fr\/wp-content\/uploads\/2022\/05\/lames-ext2-carre-1024x1024.jpg 1024w, https:\/\/audy.fr\/wp-content\/uploads\/2022\/05\/lames-ext2-carre-300x300.jpg 300w, https:\/\/audy.fr\/wp-content\/uploads\/2022\/05\/lames-ext2-carre-150x150.jpg 150w, https:\/\/audy.fr\/wp-content\/uploads\/2022\/05\/lames-ext2-carre-768x768.jpg 768w, https:\/\/audy.fr\/wp-content\/uploads\/2022\/05\/lames-ext2-carre-1536x1536.jpg 1536w, https:\/\/audy.fr\/wp-content\/uploads\/2022\/05\/lames-ext2-carre-2048x2048.jpg 2048w, https:\/\/audy.fr\/wp-content\/uploads\/2022\/05\/lames-ext2-carre-60x60.jpg 60w, https:\/\/audy.fr\/wp-content\/uploads\/2022\/05\/lames-ext2-carre-468x468.jpg 468w\" sizes=\"auto, (max-width: 1024px) 100vw, 1024px\" \/><\/figure>\r\n<\/div>\r\n<\/div>\r\n\r\n\r\n\r\n<div class=\"wp-block-columns is-layout-flex wp-container-core-columns-is-layout-9d6595d7 wp-block-columns-is-layout-flex\">\r\n<div class=\"wp-block-column is-layout-flow wp-block-column-is-layout-flow\">\r\n<figure class=\"wp-block-image size-large\"><img loading=\"lazy\" decoding=\"async\" width=\"1024\" height=\"1024\" class=\"wp-image-317\" src=\"https:\/\/www.audy.fr\/wp-content\/uploads\/2022\/05\/lames-ext4-carre-1024x1024.jpg\" alt=\"\" srcset=\"https:\/\/audy.fr\/wp-content\/uploads\/2022\/05\/lames-ext4-carre-1024x1024.jpg 1024w, https:\/\/audy.fr\/wp-content\/uploads\/2022\/05\/lames-ext4-carre-300x300.jpg 300w, https:\/\/audy.fr\/wp-content\/uploads\/2022\/05\/lames-ext4-carre-150x150.jpg 150w, https:\/\/audy.fr\/wp-content\/uploads\/2022\/05\/lames-ext4-carre-768x768.jpg 768w, https:\/\/audy.fr\/wp-content\/uploads\/2022\/05\/lames-ext4-carre-1536x1536.jpg 1536w, https:\/\/audy.fr\/wp-content\/uploads\/2022\/05\/lames-ext4-carre-2048x2048.jpg 2048w, https:\/\/audy.fr\/wp-content\/uploads\/2022\/05\/lames-ext4-carre-60x60.jpg 60w, https:\/\/audy.fr\/wp-content\/uploads\/2022\/05\/lames-ext4-carre-468x468.jpg 468w\" sizes=\"auto, (max-width: 1024px) 100vw, 1024px\" \/><\/figure>\r\n<\/div>\r\n\r\n\r\n\r\n<div class=\"wp-block-column is-layout-flow wp-block-column-is-layout-flow\">\r\n<figure class=\"wp-block-image size-full\"><img loading=\"lazy\" decoding=\"async\" width=\"579\" height=\"579\" class=\"wp-image-318\" src=\"https:\/\/www.audy.fr\/wp-content\/uploads\/2022\/05\/lames-ext5-carre-1.jpeg\" alt=\"\" srcset=\"https:\/\/audy.fr\/wp-content\/uploads\/2022\/05\/lames-ext5-carre-1.jpeg 579w, https:\/\/audy.fr\/wp-content\/uploads\/2022\/05\/lames-ext5-carre-1-300x300.jpeg 300w, https:\/\/audy.fr\/wp-content\/uploads\/2022\/05\/lames-ext5-carre-1-150x150.jpeg 150w, https:\/\/audy.fr\/wp-content\/uploads\/2022\/05\/lames-ext5-carre-1-60x60.jpeg 60w, https:\/\/audy.fr\/wp-content\/uploads\/2022\/05\/lames-ext5-carre-1-468x468.jpeg 468w\" sizes=\"auto, (max-width: 579px) 100vw, 579px\" \/><\/figure>\r\n<\/div>\r\n<\/div>\r\n\r\n\r\n<hr class=\"wp-block-separator has-alpha-channel-opacity\" \/>","protected":false},"excerpt":{"rendered":"<p>Lames de terrasse Nos lames pour l\u2019ext\u00e9rieur autoclaves sont trait\u00e9es classe 4, ce qui leur conf\u00e8rent une durabilit\u00e9 optimale.Elles sont un incontournable de vos ext\u00e9rieurs.Gr\u00e2ce \u00e0 un choix Premium \/ Sans N\u0153uds \/ Petits N\u0153uds, elles garantissent authenticit\u00e9 et long\u00e9vit\u00e9 \u00e0 toutes vos id\u00e9es d\u2019am\u00e9nagements.<\/p>\n","protected":false},"author":1,"featured_media":313,"parent":0,"menu_order":0,"comment_status":"closed","ping_status":"closed","template":"","meta":{"footnotes":""},"class_list":["post-99","page","type-page","status-publish","has-post-thumbnail","hentry","latest_post"],"_links":{"self":[{"href":"https:\/\/audy.fr\/index.php?rest_route=\/wp\/v2\/pages\/99","targetHints":{"allow":["GET"]}}],"collection":[{"href":"https:\/\/audy.fr\/index.php?rest_route=\/wp\/v2\/pages"}],"about":[{"href":"https:\/\/audy.fr\/index.php?rest_route=\/wp\/v2\/types\/page"}],"author":[{"embeddable":true,"href":"https:\/\/audy.fr\/index.php?rest_route=\/wp\/v2\/users\/1"}],"replies":[{"embeddable":true,"href":"https:\/\/audy.fr\/index.php?rest_route=%2Fwp%2Fv2%2Fcomments&post=99"}],"version-history":[{"count":4,"href":"https:\/\/audy.fr\/index.php?rest_route=\/wp\/v2\/pages\/99\/revisions"}],"predecessor-version":[{"id":339,"href":"https:\/\/audy.fr\/index.php?rest_route=\/wp\/v2\/pages\/99\/revisions\/339"}],"wp:featuredmedia":[{"embeddable":true,"href":"https:\/\/audy.fr\/index.php?rest_route=\/wp\/v2\/media\/313"}],"wp:attachment":[{"href":"https:\/\/audy.fr\/index.php?rest_route=%2Fwp%2Fv2%2Fmedia&parent=99"}],"curies":[{"name":"wp","href":"https:\/\/api.w.org\/{rel}","templated":true}]}}